{"id":1243,"date":"2018-12-20T11:53:50","date_gmt":"2018-12-20T09:53:50","guid":{"rendered":"http:\/\/mikskaar.webme.ee\/kontakt\/sales-team\/"},"modified":"2026-03-13T10:21:08","modified_gmt":"2026-03-13T08:21:08","slug":"muugitiim","status":"publish","type":"page","link":"https:\/\/www.mikskaar.com\/et\/kontakt\/muugitiim\/","title":{"rendered":"M\u00fc\u00fcgitiim"},"content":{"rendered":"\n<style type=\"text\/css\" data-created_by=\"avia_inline_auto\" id=\"style-css-av-jmlsmaxn-8070f807bfe25610a01d56c912b614d6\">\n.avia-section.av-jmlsmaxn-8070f807bfe25610a01d56c912b614d6{\nbackground-repeat:no-repeat;\nbackground-image:url(https:\/\/www.mikskaar.com\/wp-content\/uploads\/2024\/01\/IMG_8919-1.jpg);\nbackground-position:50% 50%;\nbackground-attachment:scroll;\n}\n<\/style>\n<div id='fcr-default-page-slider'  class='avia-section av-jmlsmaxn-8070f807bfe25610a01d56c912b614d6 main_color avia-section-small avia-no-border-styling  avia-builder-el-0  el_before_av_section  avia-builder-el-first  avia-full-stretch avia-bg-style-scroll av-minimum-height av-minimum-height-50 av-height-50  container_wrap sidebar_right'  data-section-bg-repeat='stretch' data-av_minimum_height_pc='50' data-av_min_height_opt='50'><div class='container av-section-cont-open' ><main  role=\"main\" itemprop=\"mainContentOfPage\"  class='template-page content  av-content-small alpha units'><div class='post-entry post-entry-type-page post-entry-1243'><div class='entry-content-wrapper clearfix'>\n\n<style type=\"text\/css\" data-created_by=\"avia_inline_auto\" id=\"style-css-av-jpwf69le-0921a7349a2d6d89c286bf7c25590b22\">\n#top .av-special-heading.av-jpwf69le-0921a7349a2d6d89c286bf7c25590b22{\npadding-bottom:10px;\ncolor:#ffffff;\nfont-size:75px;\n}\nbody .av-special-heading.av-jpwf69le-0921a7349a2d6d89c286bf7c25590b22 .av-special-heading-tag .heading-char{\nfont-size:25px;\n}\n#top #wrap_all .av-special-heading.av-jpwf69le-0921a7349a2d6d89c286bf7c25590b22 .av-special-heading-tag{\nfont-size:75px;\n}\n.av-special-heading.av-jpwf69le-0921a7349a2d6d89c286bf7c25590b22 .special-heading-inner-border{\nborder-color:#ffffff;\n}\n.av-special-heading.av-jpwf69le-0921a7349a2d6d89c286bf7c25590b22 .av-subheading{\nfont-size:15px;\n}\n\n@media only screen and (min-width: 480px) and (max-width: 767px){ \n#top #wrap_all .av-special-heading.av-jpwf69le-0921a7349a2d6d89c286bf7c25590b22 .av-special-heading-tag{\nfont-size:0.8em;\n}\n}\n\n@media only screen and (max-width: 479px){ \n#top #wrap_all .av-special-heading.av-jpwf69le-0921a7349a2d6d89c286bf7c25590b22 .av-special-heading-tag{\nfont-size:0.8em;\n}\n}\n<\/style>\n<div  class='av-special-heading av-jpwf69le-0921a7349a2d6d89c286bf7c25590b22 av-special-heading-h1 custom-color-heading blockquote modern-quote  avia-builder-el-1  avia-builder-el-no-sibling  av-inherit-size'><h1 class='av-special-heading-tag '  itemprop=\"headline\"  >M\u00fc\u00fcgitiim<\/h1><div class=\"special-heading-border\"><div class=\"special-heading-inner-border\"><\/div><\/div><\/div>\n\n<\/div><\/div><\/main><!-- close content main element --><\/div><\/div><div id='fcr-default-page-content'  class='avia-section av-28udy-161665b5b468450523292157ae0a511d main_color avia-section-default avia-no-border-styling  avia-builder-el-2  el_after_av_section  avia-builder-el-last  avia-bg-style-scroll container_wrap sidebar_right'  ><div class='container av-section-cont-open' ><div class='template-page content  av-content-small alpha units'><div class='post-entry post-entry-type-page post-entry-1243'><div class='entry-content-wrapper clearfix'>\n\n<style type=\"text\/css\" data-created_by=\"avia_inline_auto\" id=\"style-css-av-1bkjq-378f03c30ccfa4ed804e57d5ba7adc6c\">\n.flex_column.av-1bkjq-378f03c30ccfa4ed804e57d5ba7adc6c{\nborder-radius:0px 0px 0px 0px;\npadding:0px 0px 0px 0px;\n}\n<\/style>\n<div  class='flex_column av-1bkjq-378f03c30ccfa4ed804e57d5ba7adc6c av_one_fourth  avia-builder-el-3  el_before_av_one_fourth  avia-builder-el-first  fcr-col-1 first flex_column_div av-zero-column-padding  '     ><p><section  class='avia-team-member av-jpwbkkog-8f4760ff941accf2747d01c7558f4f73  avia-builder-el-4  el_before_av_textblock  avia-builder-el-first '  itemscope=\"itemscope\" itemtype=\"https:\/\/schema.org\/Person\" ><div class=\"team-img-container\"><img decoding=\"async\" fetchpriority=\"high\" class='wp-image-4379 avia-img-lazy-loading-not-4379 avia_image avia_image_team' src=\"https:\/\/www.mikskaar.com\/wp-content\/uploads\/2025\/01\/CE8Q7340_Mariliis_small.jpg\" alt='Mariliis Tigasing'  itemprop=\"image\"   height=\"983\" width=\"655\" srcset=\"https:\/\/www.mikskaar.com\/wp-content\/uploads\/2025\/01\/CE8Q7340_Mariliis_small.jpg 655w, https:\/\/www.mikskaar.com\/wp-content\/uploads\/2025\/01\/CE8Q7340_Mariliis_small-200x300.jpg 200w, https:\/\/www.mikskaar.com\/wp-content\/uploads\/2025\/01\/CE8Q7340_Mariliis_small-470x705.jpg 470w, https:\/\/www.mikskaar.com\/wp-content\/uploads\/2025\/01\/CE8Q7340_Mariliis_small-450x675.jpg 450w, https:\/\/www.mikskaar.com\/wp-content\/uploads\/2025\/01\/CE8Q7340_Mariliis_small-600x900.jpg 600w\" sizes=\"(max-width: 655px) 100vw, 655px\" \/><\/div><h3 class='team-member-name '  itemprop=\"name\" >Mariliis Tigasing<\/h3><div class='team-member-job-title '  itemprop=\"jobTitle\" >COO<\/div><span class='hidden team-member-affiliation'  itemprop=\"affiliation\" >Mikskaar AS<\/span><\/section><br \/>\n<section  class='av_textblock_section av-jpwblhws-2e785bce63b9a02b1fbdb7c6f1fc404a '   itemscope=\"itemscope\" itemtype=\"https:\/\/schema.org\/CreativeWork\" ><div class='avia_textblock fcr-team-member-contact'  itemprop=\"text\" ><p><a href=\"tel:+37253439205\">+372 5343 9205<\/a><br \/>\n<a href=\"mailto&#58;&#109;&#97;&#114;&#105;&#108;&#105;&#x69;&#x73;&#x40;&#x6d;&#x69;&#x6b;&#x73;&#x6b;&#x61;&#x61;&#x72;&#x2e;ee\">m&#97;&#114;&#x69;&#x6c;&#x69;&#x69;s&#64;&#109;&#105;&#x6b;&#x73;&#x6b;aa&#114;&#46;&#x65;&#x65;<\/a><\/p>\n<\/div><\/section><\/p><\/div>\n<style type=\"text\/css\" data-created_by=\"avia_inline_auto\" id=\"style-css-av-1bkjq-159d6099ed14a2bc0ac42eed3369a2c1\">\n.flex_column.av-1bkjq-159d6099ed14a2bc0ac42eed3369a2c1{\nborder-radius:0px 0px 0px 0px;\npadding:0px 0px 0px 0px;\n}\n<\/style>\n<div  class='flex_column av-1bkjq-159d6099ed14a2bc0ac42eed3369a2c1 av_one_fourth  avia-builder-el-6  el_after_av_one_fourth  el_before_av_one_fourth  fcr-col-1 flex_column_div av-zero-column-padding  '     ><p><section  class='avia-team-member av-jpwbkkog-e4ba32a25cae83d787b6e67e516ea27b  avia-builder-el-7  el_before_av_textblock  avia-builder-el-first '  itemscope=\"itemscope\" itemtype=\"https:\/\/schema.org\/Person\" ><div class=\"team-img-container\"><img decoding=\"async\" fetchpriority=\"high\" class='wp-image-3740 avia-img-lazy-loading-not-3740 avia_image avia_image_team' src=\"https:\/\/www.mikskaar.com\/wp-content\/uploads\/2023\/07\/3C7A4120-scaled.jpg\" alt='Indrek V\u00e4li'  itemprop=\"image\"   height=\"2560\" width=\"1707\" srcset=\"https:\/\/www.mikskaar.com\/wp-content\/uploads\/2023\/07\/3C7A4120-scaled.jpg 1707w, https:\/\/www.mikskaar.com\/wp-content\/uploads\/2023\/07\/3C7A4120-200x300.jpg 200w, https:\/\/www.mikskaar.com\/wp-content\/uploads\/2023\/07\/3C7A4120-687x1030.jpg 687w, https:\/\/www.mikskaar.com\/wp-content\/uploads\/2023\/07\/3C7A4120-768x1152.jpg 768w, https:\/\/www.mikskaar.com\/wp-content\/uploads\/2023\/07\/3C7A4120-1024x1536.jpg 1024w, https:\/\/www.mikskaar.com\/wp-content\/uploads\/2023\/07\/3C7A4120-1365x2048.jpg 1365w, https:\/\/www.mikskaar.com\/wp-content\/uploads\/2023\/07\/3C7A4120-1000x1500.jpg 1000w, https:\/\/www.mikskaar.com\/wp-content\/uploads\/2023\/07\/3C7A4120-470x705.jpg 470w, https:\/\/www.mikskaar.com\/wp-content\/uploads\/2023\/07\/3C7A4120-450x675.jpg 450w, https:\/\/www.mikskaar.com\/wp-content\/uploads\/2023\/07\/3C7A4120-600x900.jpg 600w\" sizes=\"(max-width: 1707px) 100vw, 1707px\" \/><\/div><h3 class='team-member-name '  itemprop=\"name\" >Indrek V\u00e4li<\/h3><div class='team-member-job-title '  itemprop=\"jobTitle\" >M\u00fc\u00fcgijuht<\/div><span class='hidden team-member-affiliation'  itemprop=\"affiliation\" >Mikskaar AS<\/span><\/section><br \/>\n<section  class='av_textblock_section av-jpwblhws-2e785bce63b9a02b1fbdb7c6f1fc404a '   itemscope=\"itemscope\" itemtype=\"https:\/\/schema.org\/CreativeWork\" ><div class='avia_textblock fcr-team-member-contact'  itemprop=\"text\" ><p><a href=\"tel:+3725113862\">+372 511 3862<\/a><br \/>\n<a href=\"&#x6d;&#x61;&#x69;&#x6c;&#x74;&#x6f;&#x3a;&#105;&#110;&#100;&#114;&#101;k&#64;mi&#x6b;&#x73;&#x6b;&#x61;&#x61;&#x72;&#x2e;&#x65;&#101;\">indrek&#64;miksk&#97;&#97;&#114;&#46;&#101;&#101;<\/a><\/p>\n<\/div><\/section><\/p><\/div>\n<style type=\"text\/css\" data-created_by=\"avia_inline_auto\" id=\"style-css-av-1bkjq-159d6099ed14a2bc0ac42eed3369a2c1\">\n.flex_column.av-1bkjq-159d6099ed14a2bc0ac42eed3369a2c1{\nborder-radius:0px 0px 0px 0px;\npadding:0px 0px 0px 0px;\n}\n<\/style>\n<div  class='flex_column av-1bkjq-159d6099ed14a2bc0ac42eed3369a2c1 av_one_fourth  avia-builder-el-9  el_after_av_one_fourth  el_before_av_one_fourth  fcr-col-1 flex_column_div av-zero-column-padding  '     ><p><section  class='avia-team-member av-jpwbkkog-0d0a5e693f4419393509f0e0d4ed4573  avia-builder-el-10  el_before_av_textblock  avia-builder-el-first '  itemscope=\"itemscope\" itemtype=\"https:\/\/schema.org\/Person\" ><div class=\"team-img-container\"><img decoding=\"async\" fetchpriority=\"high\" class='wp-image-4117 avia-img-lazy-loading-not-4117 avia_image avia_image_team' src=\"https:\/\/www.mikskaar.com\/wp-content\/uploads\/2024\/05\/IMG_3194-EditCopy-scaled.jpg\" alt='Kristiina Soobard'  itemprop=\"image\"   height=\"2560\" width=\"1707\" srcset=\"https:\/\/www.mikskaar.com\/wp-content\/uploads\/2024\/05\/IMG_3194-EditCopy-scaled.jpg 1707w, https:\/\/www.mikskaar.com\/wp-content\/uploads\/2024\/05\/IMG_3194-EditCopy-200x300.jpg 200w, https:\/\/www.mikskaar.com\/wp-content\/uploads\/2024\/05\/IMG_3194-EditCopy-687x1030.jpg 687w, https:\/\/www.mikskaar.com\/wp-content\/uploads\/2024\/05\/IMG_3194-EditCopy-768x1152.jpg 768w, https:\/\/www.mikskaar.com\/wp-content\/uploads\/2024\/05\/IMG_3194-EditCopy-1024x1536.jpg 1024w, https:\/\/www.mikskaar.com\/wp-content\/uploads\/2024\/05\/IMG_3194-EditCopy-1365x2048.jpg 1365w, https:\/\/www.mikskaar.com\/wp-content\/uploads\/2024\/05\/IMG_3194-EditCopy-1000x1500.jpg 1000w, https:\/\/www.mikskaar.com\/wp-content\/uploads\/2024\/05\/IMG_3194-EditCopy-470x705.jpg 470w, https:\/\/www.mikskaar.com\/wp-content\/uploads\/2024\/05\/IMG_3194-EditCopy-450x675.jpg 450w, https:\/\/www.mikskaar.com\/wp-content\/uploads\/2024\/05\/IMG_3194-EditCopy-600x900.jpg 600w\" sizes=\"(max-width: 1707px) 100vw, 1707px\" \/><\/div><h3 class='team-member-name '  itemprop=\"name\" >Kristiina Soobard<\/h3><div class='team-member-job-title '  itemprop=\"jobTitle\" >M\u00fc\u00fcgijuht<\/div><span class='hidden team-member-affiliation'  itemprop=\"affiliation\" >Mikskaar AS<\/span><\/section><br \/>\n<section  class='av_textblock_section av-jpwblhws-2e785bce63b9a02b1fbdb7c6f1fc404a '   itemscope=\"itemscope\" itemtype=\"https:\/\/schema.org\/CreativeWork\" ><div class='avia_textblock fcr-team-member-contact'  itemprop=\"text\" ><p><a href=\"tel:+37256897715\">+372 5689 7715<\/a><br \/>\n<a href=\"&#x6d;&#x61;&#x69;&#x6c;&#x74;&#x6f;&#x3a;&#x6b;&#x72;&#x69;&#x73;&#x74;&#x69;&#x69;&#x6e;&#x61;&#x40;&#x6d;&#x69;&#x6b;&#x73;&#x6b;&#x61;&#x61;&#x72;&#x2e;&#x65;&#x65;\">&#x6b;&#x72;&#105;&#115;t&#x69;&#x69;&#x6e;&#97;&#64;m&#x69;&#x6b;&#115;&#107;a&#x61;&#x72;&#x2e;&#101;e<\/a><\/p>\n<\/div><\/section><\/p><\/div>\n<style type=\"text\/css\" data-created_by=\"avia_inline_auto\" id=\"style-css-av-1bkjq-378f03c30ccfa4ed804e57d5ba7adc6c\">\n.flex_column.av-1bkjq-378f03c30ccfa4ed804e57d5ba7adc6c{\nborder-radius:0px 0px 0px 0px;\npadding:0px 0px 0px 0px;\n}\n<\/style>\n<div  class='flex_column av-1bkjq-378f03c30ccfa4ed804e57d5ba7adc6c av_one_fourth  avia-builder-el-12  el_after_av_one_fourth  el_before_av_one_fourth  fcr-col-1 first flex_column_div av-zero-column-padding  column-top-margin'     ><p><section  class='avia-team-member av-jpwbkkog-216179b659610e0c22712077f58fe8be  avia-builder-el-13  el_before_av_textblock  avia-builder-el-first '  itemscope=\"itemscope\" itemtype=\"https:\/\/schema.org\/Person\" ><div class=\"team-img-container\"><img decoding=\"async\" fetchpriority=\"high\" class='wp-image-3897 avia-img-lazy-loading-not-3897 avia_image avia_image_team' src=\"https:\/\/www.mikskaar.com\/wp-content\/uploads\/2023\/07\/3C7A3021-min-scaled.jpg\" alt='Ave Mailaan'  itemprop=\"image\"   height=\"2560\" width=\"1707\" srcset=\"https:\/\/www.mikskaar.com\/wp-content\/uploads\/2023\/07\/3C7A3021-min-scaled.jpg 1707w, https:\/\/www.mikskaar.com\/wp-content\/uploads\/2023\/07\/3C7A3021-min-200x300.jpg 200w, https:\/\/www.mikskaar.com\/wp-content\/uploads\/2023\/07\/3C7A3021-min-687x1030.jpg 687w, https:\/\/www.mikskaar.com\/wp-content\/uploads\/2023\/07\/3C7A3021-min-768x1152.jpg 768w, https:\/\/www.mikskaar.com\/wp-content\/uploads\/2023\/07\/3C7A3021-min-1024x1536.jpg 1024w, https:\/\/www.mikskaar.com\/wp-content\/uploads\/2023\/07\/3C7A3021-min-1365x2048.jpg 1365w, https:\/\/www.mikskaar.com\/wp-content\/uploads\/2023\/07\/3C7A3021-min-1000x1500.jpg 1000w, https:\/\/www.mikskaar.com\/wp-content\/uploads\/2023\/07\/3C7A3021-min-470x705.jpg 470w, https:\/\/www.mikskaar.com\/wp-content\/uploads\/2023\/07\/3C7A3021-min-450x675.jpg 450w, https:\/\/www.mikskaar.com\/wp-content\/uploads\/2023\/07\/3C7A3021-min-600x900.jpg 600w\" sizes=\"(max-width: 1707px) 100vw, 1707px\" \/><\/div><h3 class='team-member-name '  itemprop=\"name\" >Ave Mailaan<\/h3><div class='team-member-job-title '  itemprop=\"jobTitle\" >M\u00fc\u00fcgijuht<\/div><span class='hidden team-member-affiliation'  itemprop=\"affiliation\" >Mikskaar AS<\/span><\/section><br \/>\n<section  class='av_textblock_section av-jpwblhws-2e785bce63b9a02b1fbdb7c6f1fc404a '   itemscope=\"itemscope\" itemtype=\"https:\/\/schema.org\/CreativeWork\" ><div class='avia_textblock fcr-team-member-contact'  itemprop=\"text\" ><p><a href=\"tel:+3726101730\">+372 610 1730<\/a><br \/>\n<a href=\"tel:+3725221882\">+372 522 1882<\/a><br \/>\n<a href=\"&#x6d;&#x61;&#x69;&#x6c;&#x74;&#x6f;&#x3a;&#x61;&#x76;&#x65;&#x40;&#x6d;&#x69;&#x6b;&#x73;&#x6b;&#x61;&#x61;&#x72;&#x2e;&#x65;&#x65;\">&#x61;&#x76;&#101;&#64;m&#x69;&#x6b;&#x73;&#107;&#97;a&#x72;&#x2e;&#x65;&#101;<\/a><\/p>\n<\/div><\/section><\/p><\/div>\n<style type=\"text\/css\" data-created_by=\"avia_inline_auto\" id=\"style-css-av-av_one_fourth-8f20e9b2ebb76ba181c51d14a975b31c\">\n.flex_column.av-av_one_fourth-8f20e9b2ebb76ba181c51d14a975b31c{\nborder-radius:0px 0px 0px 0px;\npadding:0px 0px 0px 0px;\n}\n<\/style>\n<div  class='flex_column av-av_one_fourth-8f20e9b2ebb76ba181c51d14a975b31c av_one_fourth  avia-builder-el-15  el_after_av_one_fourth  avia-builder-el-last  fcr-col-1 flex_column_div av-zero-column-padding  column-top-margin'     ><p><section  class='avia-team-member av-l7yjiaar-1753dc47b51c5cbf8e128abd39b8914b  avia-builder-el-16  el_before_av_textblock  avia-builder-el-first '  itemscope=\"itemscope\" itemtype=\"https:\/\/schema.org\/Person\" ><div class=\"team-img-container\"><img decoding=\"async\" fetchpriority=\"high\" class='wp-image-3722 avia-img-lazy-loading-not-3722 avia_image avia_image_team' src=\"https:\/\/www.mikskaar.com\/wp-content\/uploads\/2023\/07\/3C7A3344-min-scaled.jpg\" alt='Leena Teder'  itemprop=\"image\"   height=\"2560\" width=\"1707\" srcset=\"https:\/\/www.mikskaar.com\/wp-content\/uploads\/2023\/07\/3C7A3344-min-scaled.jpg 1707w, https:\/\/www.mikskaar.com\/wp-content\/uploads\/2023\/07\/3C7A3344-min-200x300.jpg 200w, https:\/\/www.mikskaar.com\/wp-content\/uploads\/2023\/07\/3C7A3344-min-687x1030.jpg 687w, https:\/\/www.mikskaar.com\/wp-content\/uploads\/2023\/07\/3C7A3344-min-768x1152.jpg 768w, https:\/\/www.mikskaar.com\/wp-content\/uploads\/2023\/07\/3C7A3344-min-1024x1536.jpg 1024w, https:\/\/www.mikskaar.com\/wp-content\/uploads\/2023\/07\/3C7A3344-min-1365x2048.jpg 1365w, https:\/\/www.mikskaar.com\/wp-content\/uploads\/2023\/07\/3C7A3344-min-1000x1500.jpg 1000w, https:\/\/www.mikskaar.com\/wp-content\/uploads\/2023\/07\/3C7A3344-min-470x705.jpg 470w, https:\/\/www.mikskaar.com\/wp-content\/uploads\/2023\/07\/3C7A3344-min-450x675.jpg 450w, https:\/\/www.mikskaar.com\/wp-content\/uploads\/2023\/07\/3C7A3344-min-600x900.jpg 600w\" sizes=\"(max-width: 1707px) 100vw, 1707px\" \/><\/div><h3 class='team-member-name '  itemprop=\"name\" >Leena Teder<\/h3><div class='team-member-job-title '  itemprop=\"jobTitle\" >Logistikajuht<\/div><span class='hidden team-member-affiliation'  itemprop=\"affiliation\" >Mikskaar AS<\/span><\/section><br \/>\n<section  class='av_textblock_section av-l7yjjhti-494723e64d1cea100039ddf868326525 '   itemscope=\"itemscope\" itemtype=\"https:\/\/schema.org\/CreativeWork\" ><div class='avia_textblock fcr-team-member-contact'  itemprop=\"text\" ><p><a href=\"tel:+3726101734\">+372 610 1734<\/a><br \/>\n<a href=\"tel:+37254650881\">+372 5465 0881<\/a><br \/>\n<a href=\"&#x6d;a&#x69;&#108;&#x74;&#111;:&#x6c;&#101;&#x65;&#110;a&#x2e;&#116;&#x65;&#100;e&#x72;&#64;&#x6d;&#105;&#x6b;&#x73;k&#x61;&#97;&#x72;&#46;e&#x65;\">&#x6c;&#x65;&#x65;&#x6e;&#97;&#46;&#116;&#101;der&#x40;&#x6d;&#x69;&#x6b;&#x73;&#107;&#97;&#97;r&#46;e&#x65;<\/a><\/p>\n<\/div><\/section><\/p><\/div><\/div><\/div><\/div><!-- close content main div --><\/div><\/div><div id='after_section_2'  class='main_color av_default_container_wrap container_wrap sidebar_right'  ><div class='container av-section-cont-open' ><div class='template-page content  av-content-small alpha units'><div class='post-entry post-entry-type-page post-entry-1243'><div class='entry-content-wrapper clearfix'>\n","protected":false},"excerpt":{"rendered":"","protected":false},"author":5,"featured_media":0,"parent":1234,"menu_order":0,"comment_status":"closed","ping_status":"closed","template":"","meta":{"_acf_changed":false,"_bbp_topic_count":0,"_bbp_reply_count":0,"_bbp_total_topic_count":0,"_bbp_total_reply_count":0,"_bbp_voice_count":0,"_bbp_anonymous_reply_count":0,"_bbp_topic_count_hidden":0,"_bbp_reply_count_hidden":0,"_bbp_forum_subforum_count":0,"footnotes":""},"class_list":["post-1243","page","type-page","status-publish","hentry"],"acf":[],"yoast_head":"<!-- This site is optimized with the Yoast SEO plugin v27.2 - https:\/\/yoast.com\/product\/yoast-seo-wordpress\/ -->\n<title>M\u00fc\u00fcgitiim - Mikskaar AS<\/title>\n<meta name=\"description\" content=\"M\u00fc\u00fcgitiim - Mikskaar AS\" \/>\n<meta name=\"robots\" content=\"index, follow, max-snippet:-1, max-image-preview:large, max-video-preview:-1\" \/>\n<link rel=\"canonical\" href=\"https:\/\/www.mikskaar.com\/et\/kontakt\/muugitiim\/\" \/>\n<meta property=\"og:locale\" content=\"et_EE\" \/>\n<meta property=\"og:type\" content=\"article\" \/>\n<meta property=\"og:title\" content=\"M\u00fc\u00fcgitiim - Mikskaar AS\" \/>\n<meta property=\"og:description\" content=\"M\u00fc\u00fcgitiim - Mikskaar AS\" \/>\n<meta property=\"og:url\" content=\"https:\/\/www.mikskaar.com\/et\/kontakt\/muugitiim\/\" \/>\n<meta property=\"og:site_name\" content=\"Mikskaar AS\" \/>\n<meta property=\"article:modified_time\" content=\"2026-03-13T08:21:08+00:00\" \/>\n<meta name=\"twitter:card\" content=\"summary_large_image\" \/>\n<meta name=\"twitter:label1\" content=\"Est. reading time\" \/>\n\t<meta name=\"twitter:data1\" content=\"2 minutit\" \/>\n<script type=\"application\/ld+json\" class=\"yoast-schema-graph\">{\"@context\":\"https:\/\/schema.org\",\"@graph\":[{\"@type\":\"WebPage\",\"@id\":\"https:\/\/www.mikskaar.com\/et\/kontakt\/muugitiim\/\",\"url\":\"https:\/\/www.mikskaar.com\/et\/kontakt\/muugitiim\/\",\"name\":\"M\u00fc\u00fcgitiim - Mikskaar AS\",\"isPartOf\":{\"@id\":\"https:\/\/www.mikskaar.com\/et\/#website\"},\"datePublished\":\"2018-12-20T09:53:50+00:00\",\"dateModified\":\"2026-03-13T08:21:08+00:00\",\"description\":\"M\u00fc\u00fcgitiim - Mikskaar AS\",\"breadcrumb\":{\"@id\":\"https:\/\/www.mikskaar.com\/et\/kontakt\/muugitiim\/#breadcrumb\"},\"inLanguage\":\"et\",\"potentialAction\":[{\"@type\":\"ReadAction\",\"target\":[\"https:\/\/www.mikskaar.com\/et\/kontakt\/muugitiim\/\"]}]},{\"@type\":\"BreadcrumbList\",\"@id\":\"https:\/\/www.mikskaar.com\/et\/kontakt\/muugitiim\/#breadcrumb\",\"itemListElement\":[{\"@type\":\"ListItem\",\"position\":1,\"name\":\"Home\",\"item\":\"https:\/\/www.mikskaar.com\/et\/\"},{\"@type\":\"ListItem\",\"position\":2,\"name\":\"Kontakt\",\"item\":\"https:\/\/www.mikskaar.com\/et\/kontakt\/\"},{\"@type\":\"ListItem\",\"position\":3,\"name\":\"M\u00fc\u00fcgitiim\"}]},{\"@type\":\"WebSite\",\"@id\":\"https:\/\/www.mikskaar.com\/et\/#website\",\"url\":\"https:\/\/www.mikskaar.com\/et\/\",\"name\":\"Mikskaar AS\",\"description\":\"\",\"publisher\":{\"@id\":\"https:\/\/www.mikskaar.com\/et\/#organization\"},\"potentialAction\":[{\"@type\":\"SearchAction\",\"target\":{\"@type\":\"EntryPoint\",\"urlTemplate\":\"https:\/\/www.mikskaar.com\/et\/?s={search_term_string}\"},\"query-input\":{\"@type\":\"PropertyValueSpecification\",\"valueRequired\":true,\"valueName\":\"search_term_string\"}}],\"inLanguage\":\"et\"},{\"@type\":\"Organization\",\"@id\":\"https:\/\/www.mikskaar.com\/et\/#organization\",\"name\":\"Mikskaar AS\",\"url\":\"https:\/\/www.mikskaar.com\/et\/\",\"logo\":{\"@type\":\"ImageObject\",\"inLanguage\":\"et\",\"@id\":\"https:\/\/www.mikskaar.com\/et\/#\/schema\/logo\/image\/\",\"url\":\"https:\/\/www.mikskaar.com\/wp-content\/uploads\/2018\/09\/logo.png\",\"contentUrl\":\"https:\/\/www.mikskaar.com\/wp-content\/uploads\/2018\/09\/logo.png\",\"width\":219,\"height\":100,\"caption\":\"Mikskaar AS\"},\"image\":{\"@id\":\"https:\/\/www.mikskaar.com\/et\/#\/schema\/logo\/image\/\"}}]}<\/script>\n<!-- \/ Yoast SEO plugin. -->","yoast_head_json":{"title":"M\u00fc\u00fcgitiim - Mikskaar AS","description":"M\u00fc\u00fcgitiim - Mikskaar AS","robots":{"index":"index","follow":"follow","max-snippet":"max-snippet:-1","max-image-preview":"max-image-preview:large","max-video-preview":"max-video-preview:-1"},"canonical":"https:\/\/www.mikskaar.com\/et\/kontakt\/muugitiim\/","og_locale":"et_EE","og_type":"article","og_title":"M\u00fc\u00fcgitiim - Mikskaar AS","og_description":"M\u00fc\u00fcgitiim - Mikskaar AS","og_url":"https:\/\/www.mikskaar.com\/et\/kontakt\/muugitiim\/","og_site_name":"Mikskaar AS","article_modified_time":"2026-03-13T08:21:08+00:00","twitter_card":"summary_large_image","twitter_misc":{"Est. reading time":"2 minutit"},"schema":{"@context":"https:\/\/schema.org","@graph":[{"@type":"WebPage","@id":"https:\/\/www.mikskaar.com\/et\/kontakt\/muugitiim\/","url":"https:\/\/www.mikskaar.com\/et\/kontakt\/muugitiim\/","name":"M\u00fc\u00fcgitiim - Mikskaar AS","isPartOf":{"@id":"https:\/\/www.mikskaar.com\/et\/#website"},"datePublished":"2018-12-20T09:53:50+00:00","dateModified":"2026-03-13T08:21:08+00:00","description":"M\u00fc\u00fcgitiim - Mikskaar AS","breadcrumb":{"@id":"https:\/\/www.mikskaar.com\/et\/kontakt\/muugitiim\/#breadcrumb"},"inLanguage":"et","potentialAction":[{"@type":"ReadAction","target":["https:\/\/www.mikskaar.com\/et\/kontakt\/muugitiim\/"]}]},{"@type":"BreadcrumbList","@id":"https:\/\/www.mikskaar.com\/et\/kontakt\/muugitiim\/#breadcrumb","itemListElement":[{"@type":"ListItem","position":1,"name":"Home","item":"https:\/\/www.mikskaar.com\/et\/"},{"@type":"ListItem","position":2,"name":"Kontakt","item":"https:\/\/www.mikskaar.com\/et\/kontakt\/"},{"@type":"ListItem","position":3,"name":"M\u00fc\u00fcgitiim"}]},{"@type":"WebSite","@id":"https:\/\/www.mikskaar.com\/et\/#website","url":"https:\/\/www.mikskaar.com\/et\/","name":"Mikskaar AS","description":"","publisher":{"@id":"https:\/\/www.mikskaar.com\/et\/#organization"},"potentialAction":[{"@type":"SearchAction","target":{"@type":"EntryPoint","urlTemplate":"https:\/\/www.mikskaar.com\/et\/?s={search_term_string}"},"query-input":{"@type":"PropertyValueSpecification","valueRequired":true,"valueName":"search_term_string"}}],"inLanguage":"et"},{"@type":"Organization","@id":"https:\/\/www.mikskaar.com\/et\/#organization","name":"Mikskaar AS","url":"https:\/\/www.mikskaar.com\/et\/","logo":{"@type":"ImageObject","inLanguage":"et","@id":"https:\/\/www.mikskaar.com\/et\/#\/schema\/logo\/image\/","url":"https:\/\/www.mikskaar.com\/wp-content\/uploads\/2018\/09\/logo.png","contentUrl":"https:\/\/www.mikskaar.com\/wp-content\/uploads\/2018\/09\/logo.png","width":219,"height":100,"caption":"Mikskaar AS"},"image":{"@id":"https:\/\/www.mikskaar.com\/et\/#\/schema\/logo\/image\/"}}]}},"_links":{"self":[{"href":"https:\/\/www.mikskaar.com\/et\/wp-json\/wp\/v2\/pages\/1243","targetHints":{"allow":["GET"]}}],"collection":[{"href":"https:\/\/www.mikskaar.com\/et\/wp-json\/wp\/v2\/pages"}],"about":[{"href":"https:\/\/www.mikskaar.com\/et\/wp-json\/wp\/v2\/types\/page"}],"author":[{"embeddable":true,"href":"https:\/\/www.mikskaar.com\/et\/wp-json\/wp\/v2\/users\/5"}],"replies":[{"embeddable":true,"href":"https:\/\/www.mikskaar.com\/et\/wp-json\/wp\/v2\/comments?post=1243"}],"version-history":[{"count":21,"href":"https:\/\/www.mikskaar.com\/et\/wp-json\/wp\/v2\/pages\/1243\/revisions"}],"predecessor-version":[{"id":253578,"href":"https:\/\/www.mikskaar.com\/et\/wp-json\/wp\/v2\/pages\/1243\/revisions\/253578"}],"up":[{"embeddable":true,"href":"https:\/\/www.mikskaar.com\/et\/wp-json\/wp\/v2\/pages\/1234"}],"wp:attachment":[{"href":"https:\/\/www.mikskaar.com\/et\/wp-json\/wp\/v2\/media?parent=1243"}],"curies":[{"name":"wp","href":"https:\/\/api.w.org\/{rel}","templated":true}]}}