{"id":4158,"date":"2024-05-20T10:35:50","date_gmt":"2024-05-20T07:35:50","guid":{"rendered":"https:\/\/www.mikskaar.com\/privaatsuspoliitika\/"},"modified":"2024-05-20T10:58:41","modified_gmt":"2024-05-20T07:58:41","slug":"privaatsuspoliitika","status":"publish","type":"page","link":"https:\/\/www.mikskaar.com\/et\/privaatsuspoliitika\/","title":{"rendered":"Privaatsuspoliitika"},"content":{"rendered":"\n<style type=\"text\/css\" data-created_by=\"avia_inline_auto\" id=\"style-css-av-jmlsmaxn-5036212edc0aeefb0fb9aeabe788eb3c\">\n.avia-section.av-jmlsmaxn-5036212edc0aeefb0fb9aeabe788eb3c{\nbackground-repeat:no-repeat;\nbackground-image:url(https:\/\/www.mikskaar.com\/wp-content\/uploads\/2018\/09\/row-2-wc-search.jpg);\nbackground-position:50% 50%;\nbackground-attachment:scroll;\n}\n<\/style>\n<div id='fcr-default-page-slider'  class='avia-section av-jmlsmaxn-5036212edc0aeefb0fb9aeabe788eb3c main_color avia-section-small avia-no-border-styling  avia-builder-el-0  el_before_av_section  avia-builder-el-first  avia-full-stretch avia-bg-style-scroll av-minimum-height av-minimum-height-50 av-height-50  container_wrap sidebar_right'  data-section-bg-repeat='stretch' data-av_minimum_height_pc='50' data-av_min_height_opt='50'><div class='container av-section-cont-open' ><main  role=\"main\" itemprop=\"mainContentOfPage\"  class='template-page content  av-content-small alpha units'><div class='post-entry post-entry-type-page post-entry-4158'><div class='entry-content-wrapper clearfix'>\n\n<style type=\"text\/css\" data-created_by=\"avia_inline_auto\" id=\"style-css-av-jmludpe7-975974d7e413d2878aab71fb6aeeb26d\">\n#top .av-special-heading.av-jmludpe7-975974d7e413d2878aab71fb6aeeb26d{\npadding-bottom:10px;\ncolor:#ffffff;\nfont-size:75px;\n}\nbody .av-special-heading.av-jmludpe7-975974d7e413d2878aab71fb6aeeb26d .av-special-heading-tag .heading-char{\nfont-size:25px;\n}\n#top #wrap_all .av-special-heading.av-jmludpe7-975974d7e413d2878aab71fb6aeeb26d .av-special-heading-tag{\nfont-size:75px;\n}\n.av-special-heading.av-jmludpe7-975974d7e413d2878aab71fb6aeeb26d .special-heading-inner-border{\nborder-color:#ffffff;\n}\n.av-special-heading.av-jmludpe7-975974d7e413d2878aab71fb6aeeb26d .av-subheading{\nfont-size:15px;\n}\n\n@media only screen and (min-width: 480px) and (max-width: 767px){ \n#top #wrap_all .av-special-heading.av-jmludpe7-975974d7e413d2878aab71fb6aeeb26d .av-special-heading-tag{\nfont-size:0.8em;\n}\n}\n\n@media only screen and (max-width: 479px){ \n#top #wrap_all .av-special-heading.av-jmludpe7-975974d7e413d2878aab71fb6aeeb26d .av-special-heading-tag{\nfont-size:0.8em;\n}\n}\n<\/style>\n<div  class='av-special-heading av-jmludpe7-975974d7e413d2878aab71fb6aeeb26d av-special-heading-h1 custom-color-heading blockquote modern-quote  avia-builder-el-1  avia-builder-el-no-sibling  av-inherit-size'><h1 class='av-special-heading-tag '  itemprop=\"headline\"  >K\u00fcpsiste kasutamise tingimused<\/h1><div class='av_custom_color av-subheading av-subheading_below'><p>Versiooni kuup\u00e4ev 08.05.2024<\/p>\n<\/div><div class=\"special-heading-border\"><div class=\"special-heading-inner-border\"><\/div><\/div><\/div>\n\n<\/div><\/div><\/main><!-- close content main element --><\/div><\/div><div id='av_section_2'  class='avia-section av-ap2eel-b60685ca00b5ce44c304de45a5e18406 main_color avia-section-default avia-no-border-styling  avia-builder-el-2  el_after_av_section  avia-builder-el-last  avia-bg-style-scroll container_wrap sidebar_right'  ><div class='container av-section-cont-open' ><div class='template-page content  av-content-small alpha units'><div class='post-entry post-entry-type-page post-entry-4158'><div class='entry-content-wrapper clearfix'>\n<div  class='flex_column av-8rsegd-f4736786694b4b286a261114e788e18a av_one_fifth  avia-builder-el-3  el_before_av_three_fifth  avia-builder-el-first  first no_margin av-break-at-tablet flex_column_div av-hide-on-mobile  '     ><\/div><div  class='flex_column av-7w3hx9-fb2528437fceab24b1051db676264f2b av_three_fifth  avia-builder-el-4  el_after_av_one_fifth  el_before_av_one_fifth  no_margin av-break-at-tablet flex_column_div  '     ><p><section  class='av_textblock_section av-lwensb0t-f15e55b4d585cb7f9b4440bceb316df0 '   itemscope=\"itemscope\" itemtype=\"https:\/\/schema.org\/CreativeWork\" ><div class='avia_textblock'  itemprop=\"text\" ><p>K\u00e4esolevad Mikskaar AS (edaspidi Mikskaar) k\u00fcpsiste kasutamise tingimused kirjeldavad, kuidas Mikskaar kasutab k\u00fcpsiseid veebilehel\u00a0<a href=\"http:\/\/www.mikskaar.com\/\">www.mikskaar.com<\/a>.<\/p>\n<\/div><\/section><br \/>\n\n<style type=\"text\/css\" data-created_by=\"avia_inline_auto\" id=\"style-css-av-lwenyru1-0ce78b71a2682c2943d34fcdec36c223\">\n#top .hr.hr-invisible.av-lwenyru1-0ce78b71a2682c2943d34fcdec36c223{\nheight:30px;\n}\n<\/style>\n<div  class='hr av-lwenyru1-0ce78b71a2682c2943d34fcdec36c223 hr-invisible  avia-builder-el-6  el_after_av_textblock  el_before_av_textblock '><span class='hr-inner '><span class=\"hr-inner-style\"><\/span><\/span><\/div><br \/>\n<section  class='av_textblock_section av-lwenxp1i-858aec28b83939d00ee18f859b945ed7 '   itemscope=\"itemscope\" itemtype=\"https:\/\/schema.org\/CreativeWork\" ><div class='avia_textblock'  itemprop=\"text\" ><h2><strong>Isikuandmete vastutav t\u00f6\u00f6tleja<\/strong><\/h2>\n<p>Mikskaar AS (registrikood 10168344)<br \/>\nKatusepapi 4, Tallinn 11412, Eesti<br \/>\nE-post: i&#110;&#102;&#x6f;&#x40;&#x6d;i&#107;&#115;&#x6b;&#x61;&#x61;r&#46;&#101;&#x65;<\/p>\n<\/div><\/section><br \/>\n\n<style type=\"text\/css\" data-created_by=\"avia_inline_auto\" id=\"style-css-av-28ngst-a3f8a69b653814d586a1f0aded3e1585\">\n#top .hr.hr-invisible.av-28ngst-a3f8a69b653814d586a1f0aded3e1585{\nheight:30px;\n}\n<\/style>\n<div  class='hr av-28ngst-a3f8a69b653814d586a1f0aded3e1585 hr-invisible  avia-builder-el-8  el_after_av_textblock  el_before_av_textblock '><span class='hr-inner '><span class=\"hr-inner-style\"><\/span><\/span><\/div><br \/>\n<section  class='av_textblock_section av-2icej1-55d1af86b0df15619353be6344108dfa '   itemscope=\"itemscope\" itemtype=\"https:\/\/schema.org\/CreativeWork\" ><div class='avia_textblock'  itemprop=\"text\" ><h2><strong>Mis on k\u00fcpsised?<\/strong><\/h2>\n<p>Tehnilises m\u00f5istes on k\u00fcpsis l\u00fchike tekstifail, mille v\u00f5rguserver salvestab veebilehe kasutaja seadmesse. Sellisel moel saab Mikskaar koguda andmeid selle kohta, kuidas ja millal veebilehte kasutatakse ning millistest teistest veebilehtedest on kasutaja huvitatud.<\/p>\n<p>K\u00fcpsised liigituvad:<\/p>\n<p>a) s\u00f5ltuvalt nende paigaldamise ajast:<\/p>\n<table width=\"642\">\n<tbody>\n<tr>\n<td width=\"171\"><strong>ajutisteks ehk sessiooni-k\u00fcpsisteks,<\/strong><\/td>\n<td width=\"471\">mis v\u00f5imaldavad \u00fchendada kasutaja tegevusi \u00fche ja sama veebilehitseja sirvimissessiooni jooksul ajutiselt ning kehtivad seega \u00fcksnes veebilehitseja sessiooni ajal ehk hetkest, mil kasutaja siseneb veebilehele kuni veebilehe sulgemiseni v\u00f5i kui kasutaja viimasest tegevusest veebilehel on m\u00f6\u00f6dunud 10 minutit. P\u00e4rast veebilehe k\u00fclastust kustutatakse k\u00f5ik sessioonik\u00fcpsised;<\/td>\n<\/tr>\n<tr>\n<td width=\"171\"><strong>p\u00fcsik\u00fcpsisteks,<\/strong><\/td>\n<td width=\"471\">mis salvestatakse kasutaja seadmesse p\u00fcsivalt k\u00fcpsises m\u00e4\u00e4ratletud ajaks ning aktiveeritakse iga kord, kui kasutaja k\u00fclastab veebilehte. P\u00fcsik\u00fcpsised ei kustu veebilehe sulgemisel ning need aktiveeritakse igal veebilehe k\u00fclastamisel.<\/td>\n<\/tr>\n<\/tbody>\n<\/table>\n<p>b) s\u00f5ltuvalt nende kuuluvusest:<\/p>\n<table width=\"642\">\n<tbody>\n<tr>\n<td width=\"160\"><strong>esimese osapoole k\u00fcpsised,<\/strong><\/td>\n<td width=\"481\">mis p\u00e4rinevad veebilehelt ning mille abil v\u00f5idakse salvestada teavet, mida taaskasutatakse kasutaja j\u00e4rgmisel veebilehe k\u00fclastusel. Esimese osapoole k\u00fcpsise paigaldaja, kes haldab k\u00fclastatavat veebilehte, on vastutav t\u00f6\u00f6tleja andmekaitse regulatsiooni m\u00f5istes;<\/td>\n<\/tr>\n<tr>\n<td width=\"160\"><strong>kolmanda osapoole k\u00fcpsised,<\/strong><\/td>\n<td width=\"481\">mis p\u00e4rinevad kolmandatelt osapooltelt nagu nt teiste veebilehtede reklaamid, mis asuvad kasutaja k\u00fclastataval veebilehel. Andmekaitse regulatsiooni m\u00f5istes on kolmanda osapoole k\u00fcpsise puhul vastutav t\u00f6\u00f6tleja isik, kes ei ole k\u00fclastatava veebilehe haldaja.<\/td>\n<\/tr>\n<\/tbody>\n<\/table>\n<p><strong>Kolmanda osapoole k\u00fcpsised<\/strong><\/p>\n<p>Ettev\u00f5tte Mikskaar veebilehel olevate kolmanda osapoole k\u00fcpsiste kohta kehtivad kolmanda osapoole k\u00fcpsiste privaatsusreeglid.<\/p>\n<p>Google\u2019i privaatsustingimused: <a href=\"https:\/\/policies.google.com\/technologies\/ads?hl=en-US\" target=\"_blank\" rel=\"noopener\">https:\/\/policies.google.com\/technologies\/ads?hl=en-US<\/a>.<br \/>\nYoutube\u2019i privaatsustingimused: <a href=\"https:\/\/www.youtube.com\/t\/terms\" target=\"_blank\" rel=\"noopener\">https:\/\/www.youtube.com\/t\/terms<\/a>.<\/p>\n<p>c) s\u00f5ltuvalt nende kasutamise eesm\u00e4rgist:<\/p>\n<table width=\"642\">\n<tbody>\n<tr>\n<td width=\"160\"><strong>rangelt vajalikud k\u00fcpsised<\/strong><\/td>\n<td width=\"481\">v\u00f5imaldavad kasutada veebilehe funktsioone ja j\u00e4tta meelde veebilehel sisestatud teavet ka siis, kui kasutaja liigub sessiooni ajal muudel veebilehtedel. Ilma nimetatud k\u00fcpsisteta ei ole veebilehe teenuste pakkumine v\u00f5imalik. Rangelt vajalikud k\u00fcpsised ei kogu turunduslikul eesm\u00e4rgil teavet ega j\u00e4ta meelde, milliseid lehti internetis vaadatakse;<\/td>\n<\/tr>\n<tr>\n<td width=\"160\"><strong>statistilised k\u00fcpsised<\/strong><\/td>\n<td width=\"481\">koguvad teavet veebilehe kasutuse kohta ning aitavad parendada veebilehe toimimist ja seel\u00e4bi kliendikogemust. Statistilised k\u00fcpsised ei kogu teavet isiku kohta ja kogutud teave on anon\u00fc\u00fcmne;<\/td>\n<\/tr>\n<tr>\n<td width=\"160\"><strong>funktsionaalsus-k\u00fcpsised<\/strong><\/td>\n<td width=\"481\">j\u00e4tavad meelde kasutaja valikud veebilehel ja pakuvad t\u00e4iustatud ja isiklikumaid funktsioone;<\/td>\n<\/tr>\n<tr>\n<td width=\"160\"><strong>reklaami- ehk turundusk\u00fcpsised<\/strong><\/td>\n<td width=\"481\">aitavad j\u00e4lgida, milliseid veebilehti kasutaja k\u00fclastab, mille tulemusena on v\u00f5imalik kuvada kasutajale internetis asjakohaseid ja huvipakkuvaid reklaame.<\/td>\n<\/tr>\n<\/tbody>\n<\/table>\n<p><strong>Mikskaar kasutab k\u00fcpsiseid, mis:<\/strong><\/p>\n<ol>\n<li>v\u00f5imaldavad \u00e4ra tunda kasutaja veebilehitseja ja pakkuda seel\u00e4bi turvalisemat veebilehe kasutamist, v\u00e4ltides vajadust \u00fche sessiooni jooksul mitu korda sisse logida;<\/li>\n<li>aitavad luua parimat kasutuskogemust;<\/li>\n<li>annavad teavet selle kohta, kuidas ja kui tihti veebilehte k\u00fclastatakse, millised on kasutajar\u00fchmad ja milliseid otsingut\u00f6\u00f6riistu kasutatakse;<\/li>\n<li>aitavad v\u00e4lja arendada kasutaja vajadustele k\u00f5ige paremini vastavaid pakkumusi;<\/li>\n<li>n\u00e4itavad kasutaja kuvaeelistusi (sh sirvimiskeel, kontrast, kirjasuurus, kasutatud seade ning otsingutulemuste ja teavitamisega seotud eelistused).<\/li>\n<\/ol>\n<p><strong>K\u00fcpsiste loetelu ja n\u00f5usoleku haldamine<\/strong><\/p>\n<p>Konkreetsed k\u00fcpsised, kehtivusaeg ja nende paigaldajad on v\u00e4lja toodud Mikskaare k\u00fcpsiste teavituslehel, mis v\u00f5imaldab kasutajal hallata k\u00fcpsiste kasutamist ehk vastavalt oma soovile lubada v\u00f5i keelata k\u00fcpsiste kasutamist. Nimetatud k\u00fcpsiste teavituslehe saate avada, kui klikite kodulehe all vasakus nurgas olevat ikooni.<\/p>\n<p>Samas juhib Mikskaar t\u00e4helepanu, et kui kasutaja on otsustanud k\u00fcpsiste kasutamisest loobuda, ei pruugi k\u00f5ik veebilehe funktsioonid v\u00f5i teenused korrektselt toimida.<\/p>\n<p>K\u00fcpsiste kohta saab t\u00e4iendavat teavet veebilehelt:\u00a0<a href=\"https:\/\/allaboutcookies.org\/\" target=\"_blank\" rel=\"noopener\">https:\/\/allaboutcookies.org\/<\/a><\/p>\n<\/div><\/section><\/p><\/div><div  class='flex_column av-5tvdxp-deae4fef0966957b9bc9135673c01bc5 av_one_fifth  avia-builder-el-10  el_after_av_three_fifth  avia-builder-el-last  no_margin av-break-at-tablet flex_column_div av-hide-on-mobile  '     ><\/div>\n<\/div><\/div><\/div><!-- close content main div --><\/div><\/div><div id='after_section_2'  class='main_color av_default_container_wrap container_wrap sidebar_right'  ><div class='container av-section-cont-open' ><div class='template-page content  av-content-small alpha units'><div class='post-entry post-entry-type-page post-entry-4158'><div class='entry-content-wrapper clearfix'>\n","protected":false},"excerpt":{"rendered":"","protected":false},"author":5,"featured_media":0,"parent":0,"menu_order":0,"comment_status":"closed","ping_status":"closed","template":"","meta":{"_acf_changed":false,"_bbp_topic_count":0,"_bbp_reply_count":0,"_bbp_total_topic_count":0,"_bbp_total_reply_count":0,"_bbp_voice_count":0,"_bbp_anonymous_reply_count":0,"_bbp_topic_count_hidden":0,"_bbp_reply_count_hidden":0,"_bbp_forum_subforum_count":0,"footnotes":""},"class_list":["post-4158","page","type-page","status-publish","hentry"],"acf":[],"yoast_head":"<!-- This site is optimized with the Yoast SEO plugin v27.2 - https:\/\/yoast.com\/product\/yoast-seo-wordpress\/ -->\n<title>Privaatsuspoliitika - Mikskaar AS<\/title>\n<meta name=\"description\" content=\"Privaatsuspoliitika - Mikskaar AS\" \/>\n<meta name=\"robots\" content=\"index, follow, max-snippet:-1, max-image-preview:large, max-video-preview:-1\" \/>\n<link rel=\"canonical\" href=\"https:\/\/www.mikskaar.com\/et\/privaatsuspoliitika\/\" \/>\n<meta property=\"og:locale\" content=\"et_EE\" \/>\n<meta property=\"og:type\" content=\"article\" \/>\n<meta property=\"og:title\" content=\"Privaatsuspoliitika - Mikskaar AS\" \/>\n<meta property=\"og:description\" content=\"Privaatsuspoliitika - Mikskaar AS\" \/>\n<meta property=\"og:url\" content=\"https:\/\/www.mikskaar.com\/et\/privaatsuspoliitika\/\" \/>\n<meta property=\"og:site_name\" content=\"Mikskaar AS\" \/>\n<meta property=\"article:modified_time\" content=\"2024-05-20T07:58:41+00:00\" \/>\n<meta name=\"twitter:card\" content=\"summary_large_image\" \/>\n<meta name=\"twitter:label1\" content=\"Est. reading time\" \/>\n\t<meta name=\"twitter:data1\" content=\"15 minutit\" \/>\n<script type=\"application\/ld+json\" class=\"yoast-schema-graph\">{\"@context\":\"https:\/\/schema.org\",\"@graph\":[{\"@type\":\"WebPage\",\"@id\":\"https:\/\/www.mikskaar.com\/et\/privaatsuspoliitika\/\",\"url\":\"https:\/\/www.mikskaar.com\/et\/privaatsuspoliitika\/\",\"name\":\"Privaatsuspoliitika - Mikskaar AS\",\"isPartOf\":{\"@id\":\"https:\/\/www.mikskaar.com\/et\/#website\"},\"datePublished\":\"2024-05-20T07:35:50+00:00\",\"dateModified\":\"2024-05-20T07:58:41+00:00\",\"description\":\"Privaatsuspoliitika - Mikskaar AS\",\"breadcrumb\":{\"@id\":\"https:\/\/www.mikskaar.com\/et\/privaatsuspoliitika\/#breadcrumb\"},\"inLanguage\":\"et\",\"potentialAction\":[{\"@type\":\"ReadAction\",\"target\":[\"https:\/\/www.mikskaar.com\/et\/privaatsuspoliitika\/\"]}]},{\"@type\":\"BreadcrumbList\",\"@id\":\"https:\/\/www.mikskaar.com\/et\/privaatsuspoliitika\/#breadcrumb\",\"itemListElement\":[{\"@type\":\"ListItem\",\"position\":1,\"name\":\"Home\",\"item\":\"https:\/\/www.mikskaar.com\/et\/\"},{\"@type\":\"ListItem\",\"position\":2,\"name\":\"Privaatsuspoliitika\"}]},{\"@type\":\"WebSite\",\"@id\":\"https:\/\/www.mikskaar.com\/et\/#website\",\"url\":\"https:\/\/www.mikskaar.com\/et\/\",\"name\":\"Mikskaar AS\",\"description\":\"\",\"publisher\":{\"@id\":\"https:\/\/www.mikskaar.com\/et\/#organization\"},\"potentialAction\":[{\"@type\":\"SearchAction\",\"target\":{\"@type\":\"EntryPoint\",\"urlTemplate\":\"https:\/\/www.mikskaar.com\/et\/?s={search_term_string}\"},\"query-input\":{\"@type\":\"PropertyValueSpecification\",\"valueRequired\":true,\"valueName\":\"search_term_string\"}}],\"inLanguage\":\"et\"},{\"@type\":\"Organization\",\"@id\":\"https:\/\/www.mikskaar.com\/et\/#organization\",\"name\":\"Mikskaar AS\",\"url\":\"https:\/\/www.mikskaar.com\/et\/\",\"logo\":{\"@type\":\"ImageObject\",\"inLanguage\":\"et\",\"@id\":\"https:\/\/www.mikskaar.com\/et\/#\/schema\/logo\/image\/\",\"url\":\"https:\/\/www.mikskaar.com\/wp-content\/uploads\/2018\/09\/logo.png\",\"contentUrl\":\"https:\/\/www.mikskaar.com\/wp-content\/uploads\/2018\/09\/logo.png\",\"width\":219,\"height\":100,\"caption\":\"Mikskaar AS\"},\"image\":{\"@id\":\"https:\/\/www.mikskaar.com\/et\/#\/schema\/logo\/image\/\"}}]}<\/script>\n<!-- \/ Yoast SEO plugin. -->","yoast_head_json":{"title":"Privaatsuspoliitika - Mikskaar AS","description":"Privaatsuspoliitika - Mikskaar AS","robots":{"index":"index","follow":"follow","max-snippet":"max-snippet:-1","max-image-preview":"max-image-preview:large","max-video-preview":"max-video-preview:-1"},"canonical":"https:\/\/www.mikskaar.com\/et\/privaatsuspoliitika\/","og_locale":"et_EE","og_type":"article","og_title":"Privaatsuspoliitika - Mikskaar AS","og_description":"Privaatsuspoliitika - Mikskaar AS","og_url":"https:\/\/www.mikskaar.com\/et\/privaatsuspoliitika\/","og_site_name":"Mikskaar AS","article_modified_time":"2024-05-20T07:58:41+00:00","twitter_card":"summary_large_image","twitter_misc":{"Est. reading time":"15 minutit"},"schema":{"@context":"https:\/\/schema.org","@graph":[{"@type":"WebPage","@id":"https:\/\/www.mikskaar.com\/et\/privaatsuspoliitika\/","url":"https:\/\/www.mikskaar.com\/et\/privaatsuspoliitika\/","name":"Privaatsuspoliitika - Mikskaar AS","isPartOf":{"@id":"https:\/\/www.mikskaar.com\/et\/#website"},"datePublished":"2024-05-20T07:35:50+00:00","dateModified":"2024-05-20T07:58:41+00:00","description":"Privaatsuspoliitika - Mikskaar AS","breadcrumb":{"@id":"https:\/\/www.mikskaar.com\/et\/privaatsuspoliitika\/#breadcrumb"},"inLanguage":"et","potentialAction":[{"@type":"ReadAction","target":["https:\/\/www.mikskaar.com\/et\/privaatsuspoliitika\/"]}]},{"@type":"BreadcrumbList","@id":"https:\/\/www.mikskaar.com\/et\/privaatsuspoliitika\/#breadcrumb","itemListElement":[{"@type":"ListItem","position":1,"name":"Home","item":"https:\/\/www.mikskaar.com\/et\/"},{"@type":"ListItem","position":2,"name":"Privaatsuspoliitika"}]},{"@type":"WebSite","@id":"https:\/\/www.mikskaar.com\/et\/#website","url":"https:\/\/www.mikskaar.com\/et\/","name":"Mikskaar AS","description":"","publisher":{"@id":"https:\/\/www.mikskaar.com\/et\/#organization"},"potentialAction":[{"@type":"SearchAction","target":{"@type":"EntryPoint","urlTemplate":"https:\/\/www.mikskaar.com\/et\/?s={search_term_string}"},"query-input":{"@type":"PropertyValueSpecification","valueRequired":true,"valueName":"search_term_string"}}],"inLanguage":"et"},{"@type":"Organization","@id":"https:\/\/www.mikskaar.com\/et\/#organization","name":"Mikskaar AS","url":"https:\/\/www.mikskaar.com\/et\/","logo":{"@type":"ImageObject","inLanguage":"et","@id":"https:\/\/www.mikskaar.com\/et\/#\/schema\/logo\/image\/","url":"https:\/\/www.mikskaar.com\/wp-content\/uploads\/2018\/09\/logo.png","contentUrl":"https:\/\/www.mikskaar.com\/wp-content\/uploads\/2018\/09\/logo.png","width":219,"height":100,"caption":"Mikskaar AS"},"image":{"@id":"https:\/\/www.mikskaar.com\/et\/#\/schema\/logo\/image\/"}}]}},"_links":{"self":[{"href":"https:\/\/www.mikskaar.com\/et\/wp-json\/wp\/v2\/pages\/4158","targetHints":{"allow":["GET"]}}],"collection":[{"href":"https:\/\/www.mikskaar.com\/et\/wp-json\/wp\/v2\/pages"}],"about":[{"href":"https:\/\/www.mikskaar.com\/et\/wp-json\/wp\/v2\/types\/page"}],"author":[{"embeddable":true,"href":"https:\/\/www.mikskaar.com\/et\/wp-json\/wp\/v2\/users\/5"}],"replies":[{"embeddable":true,"href":"https:\/\/www.mikskaar.com\/et\/wp-json\/wp\/v2\/comments?post=4158"}],"version-history":[{"count":2,"href":"https:\/\/www.mikskaar.com\/et\/wp-json\/wp\/v2\/pages\/4158\/revisions"}],"predecessor-version":[{"id":4160,"href":"https:\/\/www.mikskaar.com\/et\/wp-json\/wp\/v2\/pages\/4158\/revisions\/4160"}],"wp:attachment":[{"href":"https:\/\/www.mikskaar.com\/et\/wp-json\/wp\/v2\/media?parent=4158"}],"curies":[{"name":"wp","href":"https:\/\/api.w.org\/{rel}","templated":true}]}}